{"id":12,"date":"2020-09-26T11:17:14","date_gmt":"2020-09-26T11:17:14","guid":{"rendered":"http:\/\/rcprovn.com\/?post_type=product&#038;p=12"},"modified":"2020-09-27T17:39:06","modified_gmt":"2020-09-27T17:39:06","slug":"xlpower-550-kem-canh-chinh","status":"publish","type":"product","link":"https:\/\/rcprovn.com\/?product=xlpower-550-kem-canh-chinh","title":{"rendered":"XLPower 550 K\u00c8M C\u00c1NH CH\u00cdNH"},"content":{"rendered":"<h6>SPECIFICATIONS:<br \/>\nLength: \u00a0 \u00a0 \u00a0 \u00a0 \u00a0 \u00a0 \u00a0 \u00a0 \u00a0 \u00a0 \u00a0 \u00a0 \u00a0 \u00a0 \u00a0 \u00a0 1080mm<br \/>\nHeight: \u00a0 \u00a0 \u00a0 \u00a0 \u00a0 \u00a0 \u00a0 \u00a0 \u00a0 \u00a0 \u00a0 \u00a0 \u00a0 \u00a0 \u00a0 \u00a0 310mm<br \/>\nWidth: \u00a0 \u00a0 \u00a0 \u00a0 \u00a0 \u00a0 \u00a0 \u00a0 \u00a0 \u00a0 \u00a0 \u00a0 \u00a0 \u00a0 \u00a0 \u00a0 \u00a0160mm<br \/>\nMain blade size: \u00a0 \u00a0 \u00a0 \u00a0 \u00a0 \u00a0 \u00a0 \u00a0 \u00a0 \u00a0 \u00a0 \u00a0425mm-570mm<br \/>\nTail blade size: \u00a0 \u00a0 \u00a0 \u00a0 \u00a0 \u00a0 \u00a0 \u00a0 \u00a0 \u00a0 \u00a0 \u00a072mm- 85mm<br \/>\nMotor pinion: \u00a0 \u00a0 \u00a0 \u00a0 \u00a0 \u00a0 \u00a0 \u00a0 \u00a0 \u00a0 \u00a0 \u00a0 \u00a0 12t included;13t optional<br \/>\nHelical CNC Main gear: \u00a0 \u00a0 \u00a0 \u00a0 \u00a0 \u00a0 \u00a0 \u00a0 \u00a0106t<br \/>\nTail pinion: \u00a0 \u00a0 \u00a0 \u00a0 \u00a0 \u00a0 \u00a0 \u00a0 \u00a0 \u00a0 \u00a0 \u00a0 \u00a0 \u00a013T<br \/>\nAutorotation gear: \u00a0 \u00a0 \u00a0 \u00a0 \u00a0 \u00a0 \u00a0 \u00a0 \u00a0 \u00a0 \u00a060T<br \/>\nMain to tail gear ratio: \u00a0 \u00a0 \u00a0 \u00a0 \u00a0 \u00a0 \u00a0 \u00a04.615<br \/>\nRTF weight: \u00a0 \u00a0 \u00a0 \u00a0 \u00a0 \u00a0 \u00a0 \u00a0 \u00a0 \u00a0 \u00a0 \u00a0 \u00a0 \u00a0 2500g-2800g<br \/>\nMain shaft diameter: \u00a0 \u00a0 \u00a0 \u00a0 \u00a0 \u00a0 \u00a0 \u00a0 \u00a0 \u00a010mm<br \/>\nFeathering shaft diameter: \u00a0 \u00a0 \u00a0 \u00a0 \u00a0 \u00a0 \u00a08mm<br \/>\nTail boom diamater: \u00a0 \u00a0 \u00a0 \u00a0 \u00a0 \u00a0 \u00a0 \u00a0 \u00a0 \u00a0 20mm<br \/>\nMax battery size: \u00a0 \u00a0 \u00a0 \u00a0 \u00a0 \u00a0 \u00a0 \u00a0 \u00a0 \u00a0 \u00a0 220mm*48mm*55mm(6s)<\/h6>\n<h6>Includes:<br \/>\n(1) XLPower 550 Kit<br \/>\n(1) Set of RT 550mm Rotor Blades<br \/>\n(1) Set of XLPower 85mm Carbon Tail Rotor Blades<br \/>\n(1) Foam Blade Holder<\/h6>\n<h6>Needed to Complete:<br \/>\nTransmitter (7-channel or more, helicopter system)<br \/>\nReceiver (7-channel or more)<br \/>\n(1) 6S Li-Po 3000 ~ 5200mAh<br \/>\n(1) Digital Pitch Gauge<br \/>\n(3) Mini Size Cyclic Servos<br \/>\n(1) Full Size Tail Servo<br \/>\n(1) Brushless Motor (4020-4025 or similar recommended)<br \/>\n(1) 6s ESC (80A Minimum Recommended)<br \/>\nMisc. Building Equipment<\/h6>\n","protected":false},"excerpt":{"rendered":"<p>SPECIFICATIONS: Length: \u00a0 \u00a0 \u00a0 \u00a0 \u00a0 \u00a0 \u00a0 \u00a0 \u00a0 \u00a0 \u00a0 \u00a0 \u00a0 \u00a0 \u00a0 \u00a0 1080mm Height: \u00a0 \u00a0 \u00a0 \u00a0 \u00a0 \u00a0 \u00a0 \u00a0 \u00a0 \u00a0 \u00a0 \u00a0 \u00a0 \u00a0 \u00a0 \u00a0 310mm Width: \u00a0 \u00a0 \u00a0 \u00a0 \u00a0 \u00a0 \u00a0 \u00a0 \u00a0 \u00a0 \u00a0 \u00a0 \u00a0 \u00a0 \u00a0 \u00a0 \u00a0160mm [&hellip;]<\/p>\n","protected":false},"featured_media":13,"comment_status":"closed","ping_status":"closed","template":"","meta":[],"_links":{"self":[{"href":"https:\/\/rcprovn.com\/index.php?rest_route=\/wp\/v2\/product\/12"}],"collection":[{"href":"https:\/\/rcprovn.com\/index.php?rest_route=\/wp\/v2\/product"}],"about":[{"href":"https:\/\/rcprovn.com\/index.php?rest_route=\/wp\/v2\/types\/product"}],"replies":[{"embeddable":true,"href":"https:\/\/rcprovn.com\/index.php?rest_route=%2Fwp%2Fv2%2Fcomments&post=12"}],"wp:featuredmedia":[{"embeddable":true,"href":"https:\/\/rcprovn.com\/index.php?rest_route=\/wp\/v2\/media\/13"}],"wp:attachment":[{"href":"https:\/\/rcprovn.com\/index.php?rest_route=%2Fwp%2Fv2%2Fmedia&parent=12"}],"curies":[{"name":"wp","href":"https:\/\/api.w.org\/{rel}","templated":true}]}}