{"id":228,"date":"2020-10-09T06:58:44","date_gmt":"2020-10-09T06:58:44","guid":{"rendered":"http:\/\/rcprovn.com\/?post_type=product&#038;p=228"},"modified":"2025-08-12T13:37:23","modified_gmt":"2025-08-12T13:37:23","slug":"gdw-ds295mg-hv-mirco-tailservo-760%c2%b5s","status":"publish","type":"product","link":"https:\/\/rcprovn.com\/?product=gdw-ds295mg-hv-mirco-tailservo-760%c2%b5s","title":{"rendered":"GDW DS295MG HV &#8211; Mirco Tailservo 760\u00b5s"},"content":{"rendered":"<h4><strong>Chuy\u00ean D\u00f9ng cho servo \u0111u\u00f4i size 250-380<\/strong><\/h4>\n<h4><strong>GDW\u00a0DS295MG HV &#8211; Mini Tailservo for 450\/380 sized helis<\/strong><\/h4>\n<h4><strong>Working frequency: 760us\/333Hz<\/strong><\/h4>\n<h4><strong>Operating Voltage: DC 4.8V &#8211; 8.4V<\/strong><\/h4>\n<h4><strong>Speed and torque:<\/strong><\/h4>\n<h4><strong>4.1Kg.cm\/0.045sec\/60\u00b0@8.4V<\/strong><\/h4>\n<h4><strong>3.5Kg.cm\/0.05sec\/60\u00b0@7.4V<\/strong><\/h4>\n<h4><strong>2,5Kg.cm\/0.06sec\/60\u00b0@6.0V<\/strong><\/h4>\n<h4><strong>Dimensions: 22,9&#215;11,9x26mm<\/strong><\/h4>\n<h4><strong>Weight: ca. 20g<\/strong><\/h4>\n<h4><strong>Motor: coreless 12x15mm<\/strong><\/h4>\n<h4><strong>Gears: Full Metal &#8211; Steel<\/strong><\/h4>\n<h4><strong>Case: full Aluminium<\/strong><\/h4>\n<h4><strong>Horn Typ: 25T &#8211; 4,9mm<\/strong><\/h4>\n<p><img loading=\"lazy\" class=\"alignnone size-full wp-image-234 aligncenter\" src=\"http:\/\/rcprovn.com\/wp-content\/uploads\/2020\/10\/5.jpg\" alt=\"\" width=\"467\" height=\"440\" \/> <img loading=\"lazy\" class=\"alignnone size-full wp-image-233 aligncenter\" src=\"http:\/\/rcprovn.com\/wp-content\/uploads\/2020\/10\/4.jpg\" alt=\"\" width=\"446\" height=\"449\" srcset=\"https:\/\/rcprovn.com\/wp-content\/uploads\/2020\/10\/4.jpg 446w, https:\/\/rcprovn.com\/wp-content\/uploads\/2020\/10\/4-100x100.jpg 100w\" sizes=\"(max-width: 446px) 100vw, 446px\" \/> <img loading=\"lazy\" class=\"alignnone size-full wp-image-232 aligncenter\" src=\"http:\/\/rcprovn.com\/wp-content\/uploads\/2020\/10\/3.jpg\" alt=\"\" width=\"450\" height=\"456\" srcset=\"https:\/\/rcprovn.com\/wp-content\/uploads\/2020\/10\/3.jpg 450w, https:\/\/rcprovn.com\/wp-content\/uploads\/2020\/10\/3-100x100.jpg 100w\" sizes=\"(max-width: 450px) 100vw, 450px\" \/> <img loading=\"lazy\" class=\"alignnone size-full wp-image-231 aligncenter\" src=\"http:\/\/rcprovn.com\/wp-content\/uploads\/2020\/10\/2.jpg\" alt=\"\" width=\"430\" height=\"488\" \/> <img loading=\"lazy\" class=\"alignnone size-full wp-image-230 aligncenter\" src=\"http:\/\/rcprovn.com\/wp-content\/uploads\/2020\/10\/1.jpg\" alt=\"\" width=\"327\" height=\"528\" \/> <img loading=\"lazy\" class=\"alignnone size-full wp-image-229 aligncenter\" src=\"http:\/\/rcprovn.com\/wp-content\/uploads\/2020\/10\/b42a575cfc3d3e59006c447540bc8a2e.jpg\" alt=\"\" width=\"1000\" height=\"1000\" srcset=\"https:\/\/rcprovn.com\/wp-content\/uploads\/2020\/10\/b42a575cfc3d3e59006c447540bc8a2e.jpg 1000w, https:\/\/rcprovn.com\/wp-content\/uploads\/2020\/10\/b42a575cfc3d3e59006c447540bc8a2e-100x100.jpg 100w, https:\/\/rcprovn.com\/wp-content\/uploads\/2020\/10\/b42a575cfc3d3e59006c447540bc8a2e-600x600.jpg 600w, https:\/\/rcprovn.com\/wp-content\/uploads\/2020\/10\/b42a575cfc3d3e59006c447540bc8a2e-768x768.jpg 768w\" sizes=\"(max-width: 1000px) 100vw, 1000px\" \/><\/p>\n","protected":false},"excerpt":{"rendered":"<p>Chuy\u00ean D\u00f9ng cho servo \u0111u\u00f4i size 250-380 GDW\u00a0DS295MG HV &#8211; Mini Tailservo for 450\/380 sized helis Working frequency: 760us\/333Hz Operating Voltage: DC 4.8V &#8211; 8.4V Speed and torque: 4.1Kg.cm\/0.045sec\/60\u00b0@8.4V 3.5Kg.cm\/0.05sec\/60\u00b0@7.4V 2,5Kg.cm\/0.06sec\/60\u00b0@6.0V Dimensions: 22,9&#215;11,9x26mm Weight: ca. 20g Motor: coreless 12x15mm Gears: Full Metal &#8211; Steel Case: full Aluminium Horn Typ: 25T &#8211; 4,9mm<\/p>\n","protected":false},"featured_media":229,"comment_status":"open","ping_status":"closed","template":"","meta":[],"_links":{"self":[{"href":"https:\/\/rcprovn.com\/index.php?rest_route=\/wp\/v2\/product\/228"}],"collection":[{"href":"https:\/\/rcprovn.com\/index.php?rest_route=\/wp\/v2\/product"}],"about":[{"href":"https:\/\/rcprovn.com\/index.php?rest_route=\/wp\/v2\/types\/product"}],"replies":[{"embeddable":true,"href":"https:\/\/rcprovn.com\/index.php?rest_route=%2Fwp%2Fv2%2Fcomments&post=228"}],"wp:featuredmedia":[{"embeddable":true,"href":"https:\/\/rcprovn.com\/index.php?rest_route=\/wp\/v2\/media\/229"}],"wp:attachment":[{"href":"https:\/\/rcprovn.com\/index.php?rest_route=%2Fwp%2Fv2%2Fmedia&parent=228"}],"curies":[{"name":"wp","href":"https:\/\/api.w.org\/{rel}","templated":true}]}}