{"id":294,"date":"2021-06-25T05:24:37","date_gmt":"2021-06-25T05:24:37","guid":{"rendered":"https:\/\/rcprovn.com\/?post_type=product&#038;p=294"},"modified":"2021-06-25T05:24:38","modified_gmt":"2021-06-25T05:24:38","slug":"gps-glonass-with-compass-and-altitude-sensor-system","status":"publish","type":"product","link":"https:\/\/rcprovn.com\/?product=gps-glonass-with-compass-and-altitude-sensor-system","title":{"rendered":"GPS\/GLONASS with Compass and Altitude Sensor System"},"content":{"rendered":"<p>TH\u00d4NG TIN TH\u00caM<br \/>\n\u0110\u00c1NH GI\u00c1 (0)<br \/>\nMaxx GPS \/ GLONASS v\u1edbi H\u1ec7 th\u1ed1ng La b\u00e0n v\u00e0 C\u1ea3m bi\u1ebfn Th\u00e1i \u0111\u1ed9 bao g\u1ed3m m\u00f4-\u0111un GPS \/ GLONASS v\u00e0 c\u1ea3m bi\u1ebfn 4 tr\u1ee5c. N\u00f3 \u0111\u01b0\u1ee3c s\u1eed d\u1ee5ng \u0111\u1ec3 n\u00e2ng c\u1ea5p Maxx Pro, Maxx ASG flybarless th\u00e0nh B\u1ed9 \u0111i\u1ec1u khi\u1ec3n bay 10 tr\u1ee5c, cho ph\u00e9p bay Maxx Flybarless v\u1edbi ch\u1ebf \u0111\u1ed9 GPS.<\/p>\n<p>A. Ch\u1ee9c n\u0103ng:<\/p>\n<p>T\u1ef1 \u0111\u1ed9ng gi\u1eef v\u1ecb tr\u00ed theo GPS \/ GLONASS, gi\u1eef \u0111\u1ed9 cao trong ph\u00edm \u0111i\u1ec1u khi\u1ec3n trung t\u00e2m.<br \/>\nC\u1ee9u h\u1ed9 b\u1eb1ng GPS: N\u1ebfu m\u00e1y bay tr\u1ef1c th\u0103ng c\u1ee7a b\u1ea1n b\u1ecb \u0111\u1ea3o ng\u01b0\u1ee3c ho\u1eb7c nghi\u00eang qu\u00e1 15 \u0111\u1ed9, n\u00f3 s\u1ebd t\u1ef1 \u0111\u1ed9ng k\u00edch ho\u1ea1t c\u1ee9u h\u1ed9, m\u00e1y bay tr\u1ef1c th\u0103ng s\u1ebd bay th\u1eb3ng l\u00ean, sau \u0111\u00f3 t\u1ef1 \u0111\u1ed9ng ph\u00e1 v\u1ee1 v\u00e0 v\u00e0o ch\u1ebf \u0111\u1ed9 bay GPS khi b\u1ea1n chuy\u1ec3n sang ch\u1ebf \u0111\u1ed9 bay GPS b\u1eb1ng m\u00e1y ph\u00e1t.<br \/>\nTr\u1edf v\u1ec1 nh\u00e0: m\u00e1y bay tr\u1ef1c th\u0103ng t\u1ef1 \u0111\u1ed9ng tr\u1edf v\u1ec1 nh\u00e0 khi b\u1ea1n chuy\u1ec3n k\u00eanh 5 (b\u00e1nh r\u0103ng) tr\u00ean m\u00e1y ph\u00e1t ho\u1eb7c t\u00edn hi\u1ec7u v\u00f4 tuy\u1ebfn b\u1ecb m\u1ea5t.<br \/>\nB. C\u00e1c b\u01b0\u1edbc c\u00e0i \u0111\u1eb7t:<\/p>\n<p>\u0110\u1eb7t k\u00eanh 5 c\u1ee7a M\u00e1y ph\u00e1t th\u00e0nh gi\u00e1 tr\u1ecb \u00e2m (nh\u1ecf h\u01a1n trung t\u00e2m 1520us), v\u00ed d\u1ee5 -40, \u0111\u1ed9 l\u1ee3i \u0111u\u00f4i s\u1ebd gi\u1ed1ng nh\u01b0 40 nh\u01b0ng \u0111\u01a1n v\u1ecb Maxx s\u1ebd k\u00edch ho\u1ea1t ch\u1ebf \u0111\u1ed9 c\u1ee9u h\u1ed9 v\u00e0 ch\u1ebf \u0111\u1ed9 bay GPS.<br \/>\n\u0110\u1eb7t h\u1ec7 th\u1ed1ng GPS Maxx tr\u00ean c\u1ea7n \u0111u\u00f4i b\u1eb1ng b\u0103ng x\u1ed1p, c\u00e1ch xa servo \/ \u0111\u1ed9ng c\u01a1 \u0111u\u00f4i \u00edt nh\u1ea5t 15cm v\u1edbi k\u00edch th\u01b0\u1edbc micro v\u00e0 \u00edt nh\u1ea5t 30cm v\u1edbi k\u00edch th\u01b0\u1edbc 600\/700<br \/>\nK\u1ebft n\u1ed1i h\u1ec7 th\u1ed1ng Maxx GPS v\u1edbi Thi\u1ebft b\u1ecb kh\u00f4ng thanh tr\u01b0\u1ee3t Maxx th\u00f4ng qua c\u1ed5ng Xe bu\u00fdt Maxx c\u1ee7a Thi\u1ebft b\u1ecb kh\u00f4ng d\u00e2y Maxx (c\u1ed5ng th\u1ebb ch\u01b0\u01a1ng tr\u00ecnh).<br \/>\nHi\u1ec7u ch\u1ec9nh la b\u00e0n (tr\u01b0\u1eddng atthe):<br \/>\nFlymode xoay nhanh b\u1edfi m\u00e1y ph\u00e1t c\u1ee7a b\u1ea1n h\u01a1n 3 l\u1ea7n m\u1ed7i gi\u00e2y. \u0110\u00e8n LED m\u00e0u \u0111\u1ecf tr\u00ean FBL maxx s\u1ebd nh\u1ea5p nh\u00e1y nhanh ch\u00f3ng, cho bi\u1ebft r\u1eb1ng thi\u1ebft b\u1ecb \u0111ang \u1edf ch\u1ebf \u0111\u1ed9 hi\u1ec7u ch\u1ec9nh la b\u00e0n.<br \/>\nXoay heli c\u1ee7a b\u1ea1n nhi\u1ec1u h\u01a1n 2 v\u00f2ng v\u1edbi tr\u1ee5c th\u1eb3ng \u0111\u1ee9ng vu\u00f4ng g\u00f3c v\u1edbi m\u1eb7t \u0111\u1ea5t. \u0110\u00e8n LED \u0110\u1ecf d\u1eebng nh\u1ea5p nh\u00e1y \u0111\u1ec3 cho bi\u1ebft qu\u00e1 tr\u00ecnh hi\u1ec7u chu\u1ea9n \u0111\u00e3 ho\u00e0n t\u1ea5t.<br \/>\nC. C\u1ea5t c\u00e1nh v\u00e0 bay v\u1edbi ch\u1ebf \u0111\u1ed9 bay GPS:<\/p>\n<ol>\n<li>Gi\u1eef kh\u00f3a ga b\u1eb1ng c\u00f4ng t\u1eafc b\u1ed9 chuy\u1ec3n \u0111\u1ed5i c\u1ee7a b\u1ea1n, \u0111\u1eb7t c\u1ea7n \u0111i\u1ec1u khi\u1ec3n cao \u0111\u1ed9 chung \u1edf m\u1ee9c th\u1ea5p nh\u1ea5t, b\u1eadt ngu\u1ed3n tr\u1ef1c th\u0103ng v\u00e0 \u0111\u1ee3i \u0111\u00e8n LED m\u00e0u \u0111\u1ecf tr\u00ean Flybarless nh\u1ea5p nh\u00e1y \u0111\u1ec3 cho bi\u1ebft c\u00f3 t\u00edn hi\u1ec7u GPS \/ GLONOSS.<br \/>\nTi\u1ebfp t\u1ee5c \u0111\u1ee3i cho \u0111\u1ebfn khi \u0111\u00e8n \u0111\u1ecf t\u1eaft cho bi\u1ebft t\u00edn hi\u1ec7u GPS \/ GLONOSS \u0111\u00e3 \u0111\u1ee7 \u0111\u1ec3 bay.<br \/>\nM\u1edf kh\u00f3a ga v\u00e0 di chuy\u1ec3n c\u1ea7n \u0111i\u1ec1u khi\u1ec3n cao \u0111\u1ed9 l\u00ean ch\u00ednh gi\u1eefa khi b\u1ea1n c\u1ea3m th\u1ea5y RPM c\u1ee7a c\u00e1c c\u00e1nh qu\u1ea1t ch\u00ednh l\u00e0 \u0111\u1ee7 \u0111\u1ec3 c\u1ea5t c\u00e1nh.<br \/>\nKhi heli \u0111\u1ea1t \u0111\u1ebfn \u0111\u1ed9 cao mong mu\u1ed1n, \u0111\u01b0a c\u1ea7n \u0111i\u1ec1u khi\u1ec3n cao \u0111\u1ed9 v\u00e0o t\u00e2m, di chuy\u1ec3n v\u1ecb tr\u00ed c\u1ee7a heli b\u1eb1ng c\u1ea7n \u0111i\u1ec1u khi\u1ec3n tu\u1ea7n ho\u00e0n.<!--more--><img loading=\"lazy\" class=\"alignnone size-full wp-image-295\" src=\"https:\/\/rcprovn.com\/wp-content\/uploads\/2021\/06\/60D50FAB-3651-44C1-83FC-9A11B63D8DC3.jpeg\" alt=\"\" width=\"800\" height=\"600\" srcset=\"https:\/\/rcprovn.com\/wp-content\/uploads\/2021\/06\/60D50FAB-3651-44C1-83FC-9A11B63D8DC3.jpeg 800w, https:\/\/rcprovn.com\/wp-content\/uploads\/2021\/06\/60D50FAB-3651-44C1-83FC-9A11B63D8DC3-768x576.jpeg 768w, https:\/\/rcprovn.com\/wp-content\/uploads\/2021\/06\/60D50FAB-3651-44C1-83FC-9A11B63D8DC3-300x225.jpeg 300w, https:\/\/rcprovn.com\/wp-content\/uploads\/2021\/06\/60D50FAB-3651-44C1-83FC-9A11B63D8DC3-600x450.jpeg 600w\" sizes=\"(max-width: 800px) 100vw, 800px\" \/> <img loading=\"lazy\" class=\"alignnone size-medium wp-image-296\" src=\"https:\/\/rcprovn.com\/wp-content\/uploads\/2021\/06\/AAA247C7-3408-43BA-AB6C-F24B76005782.jpeg\" alt=\"\" width=\"800\" height=\"600\" srcset=\"https:\/\/rcprovn.com\/wp-content\/uploads\/2021\/06\/AAA247C7-3408-43BA-AB6C-F24B76005782.jpeg 800w, https:\/\/rcprovn.com\/wp-content\/uploads\/2021\/06\/AAA247C7-3408-43BA-AB6C-F24B76005782-768x576.jpeg 768w, https:\/\/rcprovn.com\/wp-content\/uploads\/2021\/06\/AAA247C7-3408-43BA-AB6C-F24B76005782-300x225.jpeg 300w, https:\/\/rcprovn.com\/wp-content\/uploads\/2021\/06\/AAA247C7-3408-43BA-AB6C-F24B76005782-600x450.jpeg 600w\" sizes=\"(max-width: 800px) 100vw, 800px\" \/> <img loading=\"lazy\" class=\"alignnone size-medium wp-image-297\" src=\"https:\/\/rcprovn.com\/wp-content\/uploads\/2021\/06\/0E3F4D75-7D60-4DF9-B5B2-799EAA00F853.jpeg\" alt=\"\" width=\"800\" height=\"600\" srcset=\"https:\/\/rcprovn.com\/wp-content\/uploads\/2021\/06\/0E3F4D75-7D60-4DF9-B5B2-799EAA00F853.jpeg 800w, https:\/\/rcprovn.com\/wp-content\/uploads\/2021\/06\/0E3F4D75-7D60-4DF9-B5B2-799EAA00F853-768x576.jpeg 768w, https:\/\/rcprovn.com\/wp-content\/uploads\/2021\/06\/0E3F4D75-7D60-4DF9-B5B2-799EAA00F853-300x225.jpeg 300w, https:\/\/rcprovn.com\/wp-content\/uploads\/2021\/06\/0E3F4D75-7D60-4DF9-B5B2-799EAA00F853-600x450.jpeg 600w\" sizes=\"(max-width: 800px) 100vw, 800px\" \/> <img loading=\"lazy\" class=\"alignnone size-medium wp-image-298\" src=\"https:\/\/rcprovn.com\/wp-content\/uploads\/2021\/06\/C42CFE17-291A-4B3F-BFB7-4085BF034C35.jpeg\" alt=\"\" width=\"800\" height=\"600\" srcset=\"https:\/\/rcprovn.com\/wp-content\/uploads\/2021\/06\/C42CFE17-291A-4B3F-BFB7-4085BF034C35.jpeg 800w, https:\/\/rcprovn.com\/wp-content\/uploads\/2021\/06\/C42CFE17-291A-4B3F-BFB7-4085BF034C35-768x576.jpeg 768w, https:\/\/rcprovn.com\/wp-content\/uploads\/2021\/06\/C42CFE17-291A-4B3F-BFB7-4085BF034C35-300x225.jpeg 300w, https:\/\/rcprovn.com\/wp-content\/uploads\/2021\/06\/C42CFE17-291A-4B3F-BFB7-4085BF034C35-600x450.jpeg 600w\" sizes=\"(max-width: 800px) 100vw, 800px\" \/> <img loading=\"lazy\" class=\"alignnone size-medium wp-image-299\" src=\"https:\/\/rcprovn.com\/wp-content\/uploads\/2021\/06\/8C70FD0E-D3CC-4300-A1F7-5BB16E068BE8.jpeg\" alt=\"\" width=\"800\" height=\"600\" srcset=\"https:\/\/rcprovn.com\/wp-content\/uploads\/2021\/06\/8C70FD0E-D3CC-4300-A1F7-5BB16E068BE8.jpeg 800w, https:\/\/rcprovn.com\/wp-content\/uploads\/2021\/06\/8C70FD0E-D3CC-4300-A1F7-5BB16E068BE8-768x576.jpeg 768w, https:\/\/rcprovn.com\/wp-content\/uploads\/2021\/06\/8C70FD0E-D3CC-4300-A1F7-5BB16E068BE8-300x225.jpeg 300w, https:\/\/rcprovn.com\/wp-content\/uploads\/2021\/06\/8C70FD0E-D3CC-4300-A1F7-5BB16E068BE8-600x450.jpeg 600w\" sizes=\"(max-width: 800px) 100vw, 800px\" \/><\/li>\n<\/ol>\n","protected":false},"excerpt":{"rendered":"<p>TH\u00d4NG TIN TH\u00caM \u0110\u00c1NH GI\u00c1 (0) Maxx GPS \/ GLONASS v\u1edbi H\u1ec7 th\u1ed1ng La b\u00e0n v\u00e0 C\u1ea3m bi\u1ebfn Th\u00e1i \u0111\u1ed9 bao g\u1ed3m m\u00f4-\u0111un GPS \/ GLONASS v\u00e0 c\u1ea3m bi\u1ebfn 4 tr\u1ee5c. N\u00f3 \u0111\u01b0\u1ee3c s\u1eed d\u1ee5ng \u0111\u1ec3 n\u00e2ng c\u1ea5p Maxx Pro, Maxx ASG flybarless th\u00e0nh B\u1ed9 \u0111i\u1ec1u khi\u1ec3n bay 10 tr\u1ee5c, cho ph\u00e9p bay Maxx Flybarless [&hellip;]<\/p>\n","protected":false},"featured_media":295,"comment_status":"open","ping_status":"closed","template":"","meta":[],"_links":{"self":[{"href":"https:\/\/rcprovn.com\/index.php?rest_route=\/wp\/v2\/product\/294"}],"collection":[{"href":"https:\/\/rcprovn.com\/index.php?rest_route=\/wp\/v2\/product"}],"about":[{"href":"https:\/\/rcprovn.com\/index.php?rest_route=\/wp\/v2\/types\/product"}],"replies":[{"embeddable":true,"href":"https:\/\/rcprovn.com\/index.php?rest_route=%2Fwp%2Fv2%2Fcomments&post=294"}],"wp:featuredmedia":[{"embeddable":true,"href":"https:\/\/rcprovn.com\/index.php?rest_route=\/wp\/v2\/media\/295"}],"wp:attachment":[{"href":"https:\/\/rcprovn.com\/index.php?rest_route=%2Fwp%2Fv2%2Fmedia&parent=294"}],"curies":[{"name":"wp","href":"https:\/\/api.w.org\/{rel}","templated":true}]}}