{"id":313,"date":"2022-03-18T09:08:18","date_gmt":"2022-03-18T09:08:18","guid":{"rendered":"https:\/\/rcprovn.com\/?post_type=product&#038;p=313"},"modified":"2024-06-09T08:44:46","modified_gmt":"2024-06-09T08:44:46","slug":"xlpower-nimbus-550-mini-cyclic-servo","status":"publish","type":"product","link":"https:\/\/rcprovn.com\/?product=xlpower-nimbus-550-mini-cyclic-servo","title":{"rendered":"Xlpower Nimbus 550 mini cyclic servo"},"content":{"rendered":"<p>XLPower\u2019s Nimbus 550 l\u00e0 m\u00e1y bay tr\u1ef1c th\u0103ng l\u1edbp 550 th\u1ebf h\u1ec7 m\u1edbi nh\u1ea5t, s\u1eed d\u1ee5ng c\u00e1c k\u1ef9 thu\u1eadt thi\u1ebft k\u1ebf \u0111\u00e3 \u0111\u01b0\u1ee3c ki\u1ec3m ch\u1ee9ng tr\u00ean d\u00f2ng Spectrer 700. K\u1ebft qu\u1ea3 l\u00e0 m\u1ed9t khung m\u00e1y bay \u0111\u1eb9p, nh\u1eb9 v\u00e0 m\u1ea1nh m\u1ebd v\u1edbi nhi\u1ec1u t\u00f9y ch\u1ecdn c\u00f3 s\u1eb5n \u0111\u1ec3 t\u00f9y ch\u1ec9nh h\u00ecnh th\u1ee9c v\u00e0 ki\u1ec3u bay.<\/p>\n<p>Ph\u1ea7n l\u00f5i c\u1ee7a khung m\u00e1y bay l\u00e0 m\u1ed9t c\u1ee5m kh\u1ed1i ch\u1ecbu l\u1ef1c b\u1eb1ng nh\u00f4m 7075 \u0111\u01a1n m\u1ea3nh v\u00e0 gi\u00e1 \u0111\u1ee1 servo cung c\u1ea5p \u0111\u1ed9 c\u1ee9ng cho khung v\u00e0 h\u1ec7 th\u1ed1ng truy\u1ec1n \u0111\u1ed9ng. Tr\u1ee5c ch\u00ednh \u0111\u01b0\u1ee3c h\u1ed7 tr\u1ee3 v\u1edbi c\u00e1c \u1ed5 tr\u1ee5c ti\u1ebfp x\u00fac g\u00f3c hai d\u00e3y l\u1edbn gi\u00fap t\u0103ng \u0111\u1ed9 b\u1ec1n v\u00e0 tu\u1ed5i th\u1ecd bi \u0111\u1ea3m b\u1ea3o ho\u1ea1t \u0111\u1ed9ng l\u00e2u d\u00e0i.<\/p>\n<p>C\u00e1c servo tu\u1ea7n ho\u00e0n \u0111\u01b0\u1ee3c s\u1eafp x\u1ebfp theo b\u1ed1 c\u1ee5c 120 \u0111\u1ed9 \u0111\u1ec3 c\u00f3 h\u00ecnh d\u1ea1ng v\u00e0 chuy\u1ec3n \u0111\u1ed9ng \u0111i\u1ec1u khi\u1ec3n t\u1ed1i \u01b0u tr\u00ean to\u00e0n b\u1ed9 ph\u1ea1m vi \u0111i\u1ec1u khi\u1ec3n. Hai phi\u00ean b\u1ea3n b\u1ed9 c\u00f3 s\u1eb5n d\u1ef1a tr\u00ean s\u1ef1 l\u1ef1a ch\u1ecdn servo c\u1ee7a ng\u01b0\u1eddi ch\u01a1i: m\u1ed9t servo mini ho\u1eb7c full-size. Servo mini c\u00f3 th\u1ec3 gi\u1ea3m chi ph\u00ed v\u00e0 tr\u1ecdng l\u01b0\u1ee3ng nh\u1eb9 h\u01a1n, trong khi t\u00f9y ch\u1ecdn servo full size bao g\u1ed3m m\u1ed9t kh\u1ed1i \u1ed5 tr\u1ee5c ch\u00ednh th\u1ee9 ba \u0111\u1ec3 h\u1ed7 tr\u1ee3 c\u00e1c servo m\u1ea1nh m\u1ebd v\u00e0 m\u1ea1nh m\u1ebd h\u01a1n. C\u1ea3 hai b\u1ed9 d\u1ee5ng c\u1ee5 \u0111\u1ec1u s\u1eed d\u1ee5ng servo \u0111u\u00f4i c\u00f3 k\u00edch th\u01b0\u1edbc ti\u00eau chu\u1ea9n v\u00e0 c\u1ee5m l\u1eafp \u0111\u1eb7t k\u00edch th\u01b0\u1edbc servo tu\u1ea7n ho\u00e0n c\u00f3 th\u1ec3 ho\u00e1n \u0111\u1ed5i cho nhau v\u1edbi m\u1ed9t s\u1ed1 b\u1ed9 ph\u1eadn t\u1ed1i thi\u1ec3u. T\u1ea5t c\u1ea3 c\u00e1c th\u00e0nh ph\u1ea7n n\u00e0y \u0111\u01b0\u1ee3c g\u1eafn tr\u00ean khung tr\u00ean b\u1eb1ng s\u1ee3i carbon ch\u1ea5t l\u01b0\u1ee3ng cao d\u00e0y 2,5mm v\u00e0 t\u1ea5m khung d\u01b0\u1edbi nh\u1eb9 h\u01a1n 2mm \u0111\u1ec3 c\u00f3 \u0111\u1ed9 b\u1ec1n khung v\u00e0 kh\u1ea3 n\u0103ng ph\u1ee5c h\u1ed3i khi va ch\u1ea1m ch\u01b0a t\u1eebng c\u00f3.<br \/>\nT\u01b0\u01a1ng t\u1ef1 nh\u01b0 Spectrer 700 V2, h\u1ec7 th\u1ed1ng khay pin Nimbus 550 c\u00f3 th\u1ec3 \u0111\u01b0\u1ee3c n\u1ea1p v\u00e0o m\u00e1y bay tr\u1ef1c th\u0103ng t\u1eeb ph\u00eda tr\u01b0\u1edbc ho\u1eb7c ph\u00eda sau, cho ph\u00e9p h\u1ec7 th\u1ed1ng k\u1ebft n\u1ed1i nhanh t\u00f9y ch\u1ecdn, trong \u0111\u00f3 m\u00f4 h\u00ecnh \u0111\u01b0\u1ee3c b\u1eadt \/ t\u1eaft ngay l\u1eadp t\u1ee9c m\u00e0 kh\u00f4ng c\u1ea7n th\u00e1o t\u00e1n. . Khay pin ch\u1ea5p nh\u1eadn t\u1ea5t c\u1ea3 c\u00e1c c\u1ea5u h\u00ecnh ti\u00eau chu\u1ea9n trong t\u1ea5t c\u1ea3 c\u00e1c h\u1ec7 th\u1ed1ng ngu\u1ed3n l\u00ean \u0111\u1ebfn 12 gi\u00e2y!<\/p>\n<p>\u0110\u01b0\u1ee3c thi\u1ebft k\u1ebf \u0111\u1ec3 ch\u1ea5p nh\u1eadn c\u00e1c h\u1ec7 th\u1ed1ng c\u00f4ng su\u1ea5t m\u1ea1nh nh\u1ea5t, tr\u1ee5c b\u00e1nh r\u0103ng ch\u00ednh bao g\u1ed3m hai \u1ed5 tr\u1ee5c m\u1ed9t chi\u1ec1u cung c\u1ea5p \u0111\u1ed9 tin c\u1eady cho c\u00e1c k\u1ebft h\u1ee3p c\u00f4ng su\u1ea5t kh\u1eafc nghi\u1ec7t nh\u1ea5t. M\u1ed9t gi\u00e1 \u0111\u1ee1 \u0111\u1ed9ng c\u01a1 c\u1ee9ng \u0111\u01b0\u1ee3c c\u1ed1 \u0111\u1ecbnh tr\u1ef1c ti\u1ebfp v\u00e0o c\u1ea5u tr\u00fac h\u1ed7 tr\u1ee3 ch\u00ednh c\u1ee7a khung, gi\u00fap gi\u1ea3m \u0111\u1ed9 u\u1ed1n khi t\u1ea3i. M\u1ed9t \u1ed5 \u0111\u1ee1 tr\u1ee5c \u0111\u1ed9ng c\u01a1 th\u1ee9 hai t\u00f9y ch\u1ecdn c\u00f3 s\u1eb5n \u0111\u1ec3 t\u0103ng \u0111\u1ed9 c\u1ee9ng.<\/p>\n<p>M\u1ed9t trong nh\u1eefng ph\u1ea9m ch\u1ea5t \u0111\u00e1ng ch\u00fa \u00fd nh\u1ea5t c\u1ee7a Nimbus 550, v\u00e0 \u0111\u00e3 \u0111\u01b0\u1ee3c ch\u1ee9ng minh tr\u00ean Spectre 700 V2, l\u00e0 vi\u1ec7c s\u1eed d\u1ee5ng boom c\u00f3 \u0111\u01b0\u1eddng k\u00ednh l\u1edbn (27mm \u0111\u1ed1i v\u1edbi Nimbus 550) m\u00e0 ch\u1ed1ng \u0111u\u00f4i. M\u1ed9t chi\u1ebfc c\u1ea7n \u0111u\u00f4i c\u00f3 \u0111\u01b0\u1eddng k\u00ednh l\u1edbn kh\u00f4ng ch\u1ec9 gi\u00fap t\u0103ng hi\u1ec7u su\u1ea5t c\u1ee7a \u0111u\u00f4i m\u00e0 c\u00f2n c\u00f3 ki\u1ec3u d\u00e1ng si\u00eau \u0111\u1eb9p. Servo \u0111u\u00f4i v\u00e0 thanh \u0111i\u1ec1u khi\u1ec3n \u0111u\u00f4i \u0111\u01b0\u1ee3c g\u1eafn trong khung tr\u00ean n\u00e2ng CG th\u1eb3ng \u0111\u1ee9ng \u0111\u1ec3 c\u1ea3i thi\u1ec7n \u0111\u1eb7c t\u00ednh bay.<br \/>\nM\u1ecdi chi ti\u1ebft \u0111\u1ec1u \u0111\u00e3 \u0111\u01b0\u1ee3c ki\u1ec3m tra v\u00e0 ch\u1ee9ng minh \u0111\u1ec3 mang l\u1ea1i cho phi c\u00f4ng hi\u1ec7u su\u1ea5t v\u00e0 ch\u1ee9c n\u0103ng t\u1ed1t nh\u1ea5t, ch\u1eb3ng h\u1ea1n nh\u01b0 tay n\u1eafm l\u01b0\u1ee1i hy sinh \u0111\u01b0\u1ee3c thi\u1ebft k\u1ebf \u0111\u1ec3 b\u1ebb cong ho\u1eb7c g\u00e3y trong m\u1ed9t v\u1ee5 tai n\u1ea1n, h\u1ed9p \u0111u\u00f4i m\u1ed9t m\u1ea3nh \u0111\u1ec3 \u0111\u01a1n gi\u1ea3n h\u00f3a qu\u00e1 tr\u00ecnh ch\u1ebf t\u1ea1o v\u00e0 thay th\u1ebf v\u00f2ng bi tr\u1ee5c \u0111u\u00f4i, m\u1ed9t b\u1ed9 gi\u1ea3m ch\u1ea5n h\u1ec7 th\u1ed1ng c\u00e1nh qu\u1ea1t \u0111u\u00f4i v\u1eabn ho\u1ea1t \u0111\u1ed9ng tr\u01a1n tru ngay c\u1ea3 \u1edf RPM cao, c\u1ed9ng v\u1edbi b\u00e1nh \u0111\u00e1p th\u1ea5p v\u00e0 r\u1ed9ng gi\u00fap t\u0103ng \u0111\u1ed9 \u1ed5n \u0111\u1ecbnh tr\u00ean m\u1eb7t \u0111\u1ea5t; gi\u1ea3m kh\u1ea3 n\u0103ng b\u1ecb l\u1eadt \u0111\u1ea7u trong qu\u00e1 tr\u00ecnh t\u1ef1 \u0111\u1ed9ng chuy\u1ec3n \u0111\u1ed9ng v\u00e0 h\u1ea1 c\u00e1nh c\u1ee9ng.<br \/>\nV\u1edbi tr\u1ecdng l\u01b0\u1ee3ng bay trung b\u00ecnh ~ 2,9Kg (trang b\u1ecb pin 6 s LiPo 5200mAh), Nimbus 550 s\u1ebd \u0111\u00e1p \u1ee9ng m\u1ecdi nhu c\u1ea7u v\u1edbi s\u1ef1 nhanh nh\u1eb9n, nh\u1ea1y b\u00e9n v\u00e0 t\u1ea1o c\u1ea3m gi\u00e1c t\u1ef1 tin\u2026 bay sau chuy\u1ebfn bay.<br \/>\n#xlpower<br \/>\n# nimbus550<br \/>\n#rchelicopter<img loading=\"lazy\" class=\"alignnone size-full wp-image-326\" src=\"https:\/\/rcprovn.com\/wp-content\/uploads\/2022\/03\/nimbus-550-kit-with-mini-servo-mount-wo-blades-13.jpg\" alt=\"\" width=\"2048\" height=\"1127\" srcset=\"https:\/\/rcprovn.com\/wp-content\/uploads\/2022\/03\/nimbus-550-kit-with-mini-servo-mount-wo-blades-13.jpg 2048w, https:\/\/rcprovn.com\/wp-content\/uploads\/2022\/03\/nimbus-550-kit-with-mini-servo-mount-wo-blades-13-768x423.jpg 768w, https:\/\/rcprovn.com\/wp-content\/uploads\/2022\/03\/nimbus-550-kit-with-mini-servo-mount-wo-blades-13-1536x845.jpg 1536w, https:\/\/rcprovn.com\/wp-content\/uploads\/2022\/03\/nimbus-550-kit-with-mini-servo-mount-wo-blades-13-600x330.jpg 600w\" sizes=\"(max-width: 2048px) 100vw, 2048px\" \/><\/p>\n","protected":false},"excerpt":{"rendered":"<p>XLPower\u2019s Nimbus 550 l\u00e0 m\u00e1y bay tr\u1ef1c th\u0103ng l\u1edbp 550 th\u1ebf h\u1ec7 m\u1edbi nh\u1ea5t, s\u1eed d\u1ee5ng c\u00e1c k\u1ef9 thu\u1eadt thi\u1ebft k\u1ebf \u0111\u00e3 \u0111\u01b0\u1ee3c ki\u1ec3m ch\u1ee9ng tr\u00ean d\u00f2ng Spectrer 700. K\u1ebft qu\u1ea3 l\u00e0 m\u1ed9t khung m\u00e1y bay \u0111\u1eb9p, nh\u1eb9 v\u00e0 m\u1ea1nh m\u1ebd v\u1edbi nhi\u1ec1u t\u00f9y ch\u1ecdn c\u00f3 s\u1eb5n \u0111\u1ec3 t\u00f9y ch\u1ec9nh h\u00ecnh th\u1ee9c v\u00e0 ki\u1ec3u bay. [&hellip;]<\/p>\n","protected":false},"featured_media":326,"comment_status":"open","ping_status":"closed","template":"","meta":[],"_links":{"self":[{"href":"https:\/\/rcprovn.com\/index.php?rest_route=\/wp\/v2\/product\/313"}],"collection":[{"href":"https:\/\/rcprovn.com\/index.php?rest_route=\/wp\/v2\/product"}],"about":[{"href":"https:\/\/rcprovn.com\/index.php?rest_route=\/wp\/v2\/types\/product"}],"replies":[{"embeddable":true,"href":"https:\/\/rcprovn.com\/index.php?rest_route=%2Fwp%2Fv2%2Fcomments&post=313"}],"wp:featuredmedia":[{"embeddable":true,"href":"https:\/\/rcprovn.com\/index.php?rest_route=\/wp\/v2\/media\/326"}],"wp:attachment":[{"href":"https:\/\/rcprovn.com\/index.php?rest_route=%2Fwp%2Fv2%2Fmedia&parent=313"}],"curies":[{"name":"wp","href":"https:\/\/api.w.org\/{rel}","templated":true}]}}