{"id":540,"date":"2025-05-10T03:36:29","date_gmt":"2025-05-10T03:36:29","guid":{"rendered":"https:\/\/rcprovn.com\/?post_type=product&#038;p=540"},"modified":"2025-05-10T03:37:28","modified_gmt":"2025-05-10T03:37:28","slug":"goosky-e2-uh-1y-rescue-gps-bnf","status":"publish","type":"product","link":"https:\/\/rcprovn.com\/?product=goosky-e2-uh-1y-rescue-gps-bnf","title":{"rendered":"GOOSKY E2 UH-1Y Rescue GPS BNF"},"content":{"rendered":"<p class=\"\" data-start=\"0\" data-end=\"91\"><strong>Ch\u00e0o \u0111\u00f3n E2-GPS \u2014 chi\u1ebfc tr\u1ef1c th\u0103ng ho\u00e0n h\u1ea3o cho nh\u1eefng chuy\u1ebfn bay m\u01b0\u1ee3t m\u00e0 v\u00e0 th\u00f4ng minh h\u01a1n!<\/strong><\/p>\n<p class=\"\" data-start=\"93\" data-end=\"394\"><strong>T\u1ea1i Goosky, ch\u00fang t\u00f4i tin r\u1eb1ng vi\u1ec7c bay l\u01b0\u1ee3n n\u00ean l\u00e0 m\u1ed9t tr\u1ea3i nghi\u1ec7m th\u00fa v\u1ecb, d\u1ec5 ti\u1ebfp c\u1eadn v\u00e0 mang l\u1ea1i ni\u1ec1m vui cho t\u1ea5t c\u1ea3 m\u1ecdi ng\u01b0\u1eddi. \u0110\u00f3 l\u00e0 l\u00fd do v\u00ec sao ch\u00fang t\u00f4i h\u00e0o h\u1ee9ng gi\u1edbi thi\u1ec7u E2-GPS \u2014 m\u1ed9t m\u1eabu tr\u1ef1c th\u0103ng nh\u1ecf g\u1ecdn \u0111\u01b0\u1ee3c trang b\u1ecb nh\u1eefng t\u00ednh n\u0103ng gi\u00fap vi\u1ec7c \u0111i\u1ec1u khi\u1ec3n tr\u1edf n\u00ean tr\u1ef1c quan h\u01a1n bao gi\u1edd h\u1ebft.<\/strong><\/p>\n<p class=\"\" data-start=\"396\" data-end=\"660\"><strong>\ud83d\udd39 \u0110\u01b0\u1ee3c trang b\u1ecb GPS v\u00e0 c\u1ea3m bi\u1ebfn quang h\u1ecdc, E2-GPS c\u00f3 kh\u1ea3 n\u0103ng gi\u1eef v\u1ecb tr\u00ed v\u1edbi \u0111\u1ed9 \u1ed5n \u0111\u1ecbnh \u1ea5n t\u01b0\u1ee3ng. Kh\u00f4ng c\u00f2n t\u00ecnh tr\u1ea1ng tr\u00f4i d\u1ea1t hay \u0111i\u1ec1u khi\u1ec3n \u0111o\u00e1n m\u00f2 \u2014 b\u1ea1n s\u1ebd c\u00f3 quy\u1ec1n ki\u1ec3m so\u00e1t r\u00f5 r\u00e0ng, d\u00f9 \u0111ang bay trong s\u00e2n sau hay th\u1eed th\u00e1ch k\u1ef9 n\u0103ng \u1edf nh\u1eefng kh\u00f4ng gian h\u1eb9p h\u01a1n.<\/strong><\/p>\n<p class=\"\" data-start=\"662\" data-end=\"851\"><strong>\ud83d\udd39 \u0110\u01b0\u1ee3c thi\u1ebft k\u1ebf d\u00e0nh ri\u00eang cho ng\u01b0\u1eddi m\u1edbi b\u1eaft \u0111\u1ea7u, E2-GPS gi\u00fap t\u1ea1o c\u1ea3m h\u1ee9ng ngay t\u1eeb ng\u00e0y \u0111\u1ea7u ti\u00ean, \u0111\u1ed3ng th\u1eddi mang l\u1ea1i tr\u1ea3i nghi\u1ec7m bay m\u01b0\u1ee3t m\u00e0, th\u01b0 gi\u00e3n cho c\u1ea3 nh\u1eefng phi c\u00f4ng c\u00f3 kinh nghi\u1ec7m.<\/strong><\/p>\n<p class=\"\" data-start=\"853\" data-end=\"970\"><strong>\ud83d\udd39 H\u1ed7 tr\u1ee3 bay th\u00f4ng minh, \u0111\u1ecbnh v\u1ecb ch\u00ednh x\u00e1c v\u00e0 thi\u1ebft k\u1ebf nh\u1eb9 \u2014 t\u1ea5t c\u1ea3 g\u00f3i g\u1ecdn trong m\u1ed9t chi\u1ebfc tr\u1ef1c th\u0103ng d\u1ec5 y\u00eau th\u00edch.<\/strong><\/p>\n<p class=\"\" data-start=\"972\" data-end=\"1256\"><strong>Phi\u00ean b\u1ea3n E2-GPS th\u1ec3 hi\u1ec7n s\u1ee9 m\u1ec7nh kh\u00f4ng ng\u1eebng c\u1ee7a ch\u00fang t\u00f4i: kh\u00f4ng ch\u1ec9 t\u1ea1o ra nh\u1eefng chi\u1ebfc tr\u1ef1c th\u0103ng \u0111i\u1ec1u khi\u1ec3n t\u1eeb xa \u0111\u1ea7y ph\u1ea5n kh\u00edch, m\u00e0 c\u00f2n m\u1edf r\u1ed9ng b\u1ea7u tr\u1eddi cho nhi\u1ec1u ng\u01b0\u1eddi h\u01a1n. D\u00f9 b\u1ea1n m\u1edbi b\u1eaft \u0111\u1ea7u \u0111am m\u00ea n\u00e0y hay \u0111ang t\u00ecm l\u1ea1i ni\u1ec1m vui khi bay, E2-GPS lu\u00f4n s\u1eb5n s\u00e0ng \u0111\u1ed3ng h\u00e0nh c\u00f9ng b\u1ea1n.<\/strong><\/p>\n<p class=\"\" data-start=\"1258\" data-end=\"1304\"><strong>H\u00e3y c\u00f9ng nhau t\u1eadn h\u01b0\u1edfng ni\u1ec1m vui bay l\u01b0\u1ee3n nh\u00e9!<\/strong><\/p>\n<p class=\"\" data-start=\"0\" data-end=\"22\"><strong data-start=\"0\" data-end=\"22\">Trong h\u1ed9p g\u1ed3m:<\/strong><\/p>\n<ul data-start=\"24\" data-end=\"308\" data-is-last-node=\"\" data-is-only-node=\"\">\n<li class=\"\" data-start=\"24\" data-end=\"49\">\n<p class=\"\" data-start=\"26\" data-end=\"49\"><strong>1 chi\u1ebfc tr\u1ef1c th\u0103ng E2<\/strong><\/p>\n<\/li>\n<li class=\"\" data-start=\"50\" data-end=\"75\">\n<p class=\"\" data-start=\"52\" data-end=\"75\"><strong>1 pin LiPo 3S 1600mAh<\/strong><\/p>\n<\/li>\n<li class=\"\" data-start=\"76\" data-end=\"308\">\n<p class=\"\" data-start=\"78\" data-end=\"125\"><strong>1 b\u1ed9 linh ki\u1ec7n thay th\u1ebf sau va ch\u1ea1m, bao g\u1ed3m:<\/strong><\/p>\n<ul data-start=\"128\" data-end=\"308\" data-is-last-node=\"\">\n<li class=\"\" data-start=\"128\" data-end=\"152\">\n<p class=\"\" data-start=\"130\" data-end=\"152\"><strong>Tr\u1ee5c ch\u00ednh * 1 chi\u1ebfc<\/strong><\/p>\n<\/li>\n<li class=\"\" data-start=\"155\" data-end=\"180\">\n<p class=\"\" data-start=\"157\" data-end=\"180\"><strong>V\u00edt \u0111\u1ecbnh v\u1ecb * 2 chi\u1ebfc<\/strong><\/p>\n<\/li>\n<li class=\"\" data-start=\"183\" data-end=\"218\">\n<p class=\"\" data-start=\"185\" data-end=\"218\"><strong>V\u00edt \u0111\u1ea7u tr\u00f2n t\u1ef1 khoan * 4 chi\u1ebfc<\/strong><\/p>\n<\/li>\n<li class=\"\" data-start=\"221\" data-end=\"264\">\n<p class=\"\" data-start=\"223\" data-end=\"264\"><strong>T\u00f4 v\u00edt \u0111\u1ea7u l\u1ee5c gi\u00e1c \u0111en 1.5mm * 1 chi\u1ebfc<\/strong><\/p>\n<\/li>\n<li class=\"\" data-start=\"267\" data-end=\"308\">\n<p class=\"\" data-start=\"269\" data-end=\"308\"><strong>T\u00f4 v\u00edt \u0111\u1ea7u ch\u1eef th\u1eadp \u0111en 2.0mm * 1 chi\u1ebfc<\/strong><\/p>\n<\/li>\n<\/ul>\n<\/li>\n<\/ul>\n<p><img loading=\"lazy\" class=\"alignnone size-medium wp-image-542\" src=\"https:\/\/rcprovn.com\/wp-content\/uploads\/2025\/05\/E2-GPS\u8be6\u60c5\uff08\u82f1\u6587\uff09250508_02.jpg\" alt=\"\" width=\"790\" height=\"1127\" srcset=\"https:\/\/rcprovn.com\/wp-content\/uploads\/2025\/05\/E2-GPS\u8be6\u60c5\uff08\u82f1\u6587\uff09250508_02.jpg 790w, https:\/\/rcprovn.com\/wp-content\/uploads\/2025\/05\/E2-GPS\u8be6\u60c5\uff08\u82f1\u6587\uff09250508_02-768x1096.jpg 768w, https:\/\/rcprovn.com\/wp-content\/uploads\/2025\/05\/E2-GPS\u8be6\u60c5\uff08\u82f1\u6587\uff09250508_02-600x856.jpg 600w\" sizes=\"(max-width: 790px) 100vw, 790px\" \/> <img loading=\"lazy\" class=\"alignnone size-medium wp-image-543\" src=\"https:\/\/rcprovn.com\/wp-content\/uploads\/2025\/05\/E2-GPS\u8be6\u60c5\uff08\u82f1\u6587\uff09250508_03.jpg\" alt=\"\" width=\"790\" height=\"2406\" srcset=\"https:\/\/rcprovn.com\/wp-content\/uploads\/2025\/05\/E2-GPS\u8be6\u60c5\uff08\u82f1\u6587\uff09250508_03.jpg 790w, https:\/\/rcprovn.com\/wp-content\/uploads\/2025\/05\/E2-GPS\u8be6\u60c5\uff08\u82f1\u6587\uff09250508_03-768x2339.jpg 768w, https:\/\/rcprovn.com\/wp-content\/uploads\/2025\/05\/E2-GPS\u8be6\u60c5\uff08\u82f1\u6587\uff09250508_03-504x1536.jpg 504w, https:\/\/rcprovn.com\/wp-content\/uploads\/2025\/05\/E2-GPS\u8be6\u60c5\uff08\u82f1\u6587\uff09250508_03-672x2048.jpg 672w, https:\/\/rcprovn.com\/wp-content\/uploads\/2025\/05\/E2-GPS\u8be6\u60c5\uff08\u82f1\u6587\uff09250508_03-600x1827.jpg 600w\" sizes=\"(max-width: 790px) 100vw, 790px\" \/> <img loading=\"lazy\" class=\"alignnone size-medium wp-image-544\" src=\"https:\/\/rcprovn.com\/wp-content\/uploads\/2025\/05\/E2-GPS\u8be6\u60c5\uff08\u82f1\u6587\uff09250508_04.jpg\" alt=\"\" width=\"790\" height=\"1618\" srcset=\"https:\/\/rcprovn.com\/wp-content\/uploads\/2025\/05\/E2-GPS\u8be6\u60c5\uff08\u82f1\u6587\uff09250508_04.jpg 790w, https:\/\/rcprovn.com\/wp-content\/uploads\/2025\/05\/E2-GPS\u8be6\u60c5\uff08\u82f1\u6587\uff09250508_04-768x1573.jpg 768w, https:\/\/rcprovn.com\/wp-content\/uploads\/2025\/05\/E2-GPS\u8be6\u60c5\uff08\u82f1\u6587\uff09250508_04-750x1536.jpg 750w, https:\/\/rcprovn.com\/wp-content\/uploads\/2025\/05\/E2-GPS\u8be6\u60c5\uff08\u82f1\u6587\uff09250508_04-600x1229.jpg 600w\" sizes=\"(max-width: 790px) 100vw, 790px\" \/> <img loading=\"lazy\" class=\"alignnone size-medium wp-image-545\" src=\"https:\/\/rcprovn.com\/wp-content\/uploads\/2025\/05\/E2-GPS\u8be6\u60c5\uff08\u82f1\u6587\uff09250508_09.jpg\" alt=\"\" width=\"790\" height=\"1720\" srcset=\"https:\/\/rcprovn.com\/wp-content\/uploads\/2025\/05\/E2-GPS\u8be6\u60c5\uff08\u82f1\u6587\uff09250508_09.jpg 790w, https:\/\/rcprovn.com\/wp-content\/uploads\/2025\/05\/E2-GPS\u8be6\u60c5\uff08\u82f1\u6587\uff09250508_09-768x1672.jpg 768w, https:\/\/rcprovn.com\/wp-content\/uploads\/2025\/05\/E2-GPS\u8be6\u60c5\uff08\u82f1\u6587\uff09250508_09-705x1536.jpg 705w, https:\/\/rcprovn.com\/wp-content\/uploads\/2025\/05\/E2-GPS\u8be6\u60c5\uff08\u82f1\u6587\uff09250508_09-600x1306.jpg 600w\" sizes=\"(max-width: 790px) 100vw, 790px\" \/> <img loading=\"lazy\" class=\"alignnone size-medium wp-image-546\" src=\"https:\/\/rcprovn.com\/wp-content\/uploads\/2025\/05\/E2-GPS\u4e3b\u56fe-5.png\" alt=\"\" width=\"800\" height=\"800\" srcset=\"https:\/\/rcprovn.com\/wp-content\/uploads\/2025\/05\/E2-GPS\u4e3b\u56fe-5.png 800w, https:\/\/rcprovn.com\/wp-content\/uploads\/2025\/05\/E2-GPS\u4e3b\u56fe-5-768x768.png 768w, https:\/\/rcprovn.com\/wp-content\/uploads\/2025\/05\/E2-GPS\u4e3b\u56fe-5-600x600.png 600w, https:\/\/rcprovn.com\/wp-content\/uploads\/2025\/05\/E2-GPS\u4e3b\u56fe-5-100x100.png 100w\" sizes=\"(max-width: 800px) 100vw, 800px\" \/> <img loading=\"lazy\" class=\"alignnone size-medium wp-image-547\" src=\"https:\/\/rcprovn.com\/wp-content\/uploads\/2025\/05\/\u4e3b\u56fe-7.png\" alt=\"\" width=\"800\" height=\"800\" srcset=\"https:\/\/rcprovn.com\/wp-content\/uploads\/2025\/05\/\u4e3b\u56fe-7.png 800w, https:\/\/rcprovn.com\/wp-content\/uploads\/2025\/05\/\u4e3b\u56fe-7-768x768.png 768w, https:\/\/rcprovn.com\/wp-content\/uploads\/2025\/05\/\u4e3b\u56fe-7-600x600.png 600w, https:\/\/rcprovn.com\/wp-content\/uploads\/2025\/05\/\u4e3b\u56fe-7-100x100.png 100w\" sizes=\"(max-width: 800px) 100vw, 800px\" \/> <img loading=\"lazy\" class=\"alignnone size-medium wp-image-548\" src=\"https:\/\/rcprovn.com\/wp-content\/uploads\/2025\/05\/\u4e3b\u56fe-8.png\" alt=\"\" width=\"800\" height=\"800\" srcset=\"https:\/\/rcprovn.com\/wp-content\/uploads\/2025\/05\/\u4e3b\u56fe-8.png 800w, https:\/\/rcprovn.com\/wp-content\/uploads\/2025\/05\/\u4e3b\u56fe-8-768x768.png 768w, https:\/\/rcprovn.com\/wp-content\/uploads\/2025\/05\/\u4e3b\u56fe-8-600x600.png 600w, https:\/\/rcprovn.com\/wp-content\/uploads\/2025\/05\/\u4e3b\u56fe-8-100x100.png 100w\" sizes=\"(max-width: 800px) 100vw, 800px\" \/><\/p>\n","protected":false},"excerpt":{"rendered":"<p>Ch\u00e0o \u0111\u00f3n E2-GPS \u2014 chi\u1ebfc tr\u1ef1c th\u0103ng ho\u00e0n h\u1ea3o cho nh\u1eefng chuy\u1ebfn bay m\u01b0\u1ee3t m\u00e0 v\u00e0 th\u00f4ng minh h\u01a1n! T\u1ea1i Goosky, ch\u00fang t\u00f4i tin r\u1eb1ng vi\u1ec7c bay l\u01b0\u1ee3n n\u00ean l\u00e0 m\u1ed9t tr\u1ea3i nghi\u1ec7m th\u00fa v\u1ecb, d\u1ec5 ti\u1ebfp c\u1eadn v\u00e0 mang l\u1ea1i ni\u1ec1m vui cho t\u1ea5t c\u1ea3 m\u1ecdi ng\u01b0\u1eddi. \u0110\u00f3 l\u00e0 l\u00fd do v\u00ec sao ch\u00fang [&hellip;]<\/p>\n","protected":false},"featured_media":546,"comment_status":"open","ping_status":"closed","template":"","meta":[],"_links":{"self":[{"href":"https:\/\/rcprovn.com\/index.php?rest_route=\/wp\/v2\/product\/540"}],"collection":[{"href":"https:\/\/rcprovn.com\/index.php?rest_route=\/wp\/v2\/product"}],"about":[{"href":"https:\/\/rcprovn.com\/index.php?rest_route=\/wp\/v2\/types\/product"}],"replies":[{"embeddable":true,"href":"https:\/\/rcprovn.com\/index.php?rest_route=%2Fwp%2Fv2%2Fcomments&post=540"}],"wp:featuredmedia":[{"embeddable":true,"href":"https:\/\/rcprovn.com\/index.php?rest_route=\/wp\/v2\/media\/546"}],"wp:attachment":[{"href":"https:\/\/rcprovn.com\/index.php?rest_route=%2Fwp%2Fv2%2Fmedia&parent=540"}],"curies":[{"name":"wp","href":"https:\/\/api.w.org\/{rel}","templated":true}]}}