{"id":568,"date":"2026-04-03T02:29:26","date_gmt":"2026-04-03T02:29:26","guid":{"rendered":"https:\/\/rcprovn.com\/?post_type=product&#038;p=568"},"modified":"2026-04-03T02:29:26","modified_gmt":"2026-04-03T02:29:26","slug":"xlpower-stratos-200-helicopter","status":"publish","type":"product","link":"https:\/\/rcprovn.com\/?product=xlpower-stratos-200-helicopter","title":{"rendered":"XLPower Stratos 200 Helicopter"},"content":{"rendered":"<h2 data-section-id=\"3ctab4\" data-start=\"83\" data-end=\"173\"><span role=\"text\"><strong data-start=\"86\" data-end=\"173\">XLPower Stratos 200 \u2013 Nh\u1ecf g\u1ecdn \u00b7 C\u1ea3m gi\u00e1c tr\u1ef1c th\u0103ng l\u1edbn \u00b7 Thi\u1ebft k\u1ebf t\u1ed1i \u01b0u hi\u1ec7u n\u0103ng<img loading=\"lazy\" class=\"alignnone size-full wp-image-569\" src=\"https:\/\/rcprovn.com\/wp-content\/uploads\/2026\/04\/1.jpg\" alt=\"\" width=\"2048\" height=\"1152\" srcset=\"https:\/\/rcprovn.com\/wp-content\/uploads\/2026\/04\/1.jpg 2048w, https:\/\/rcprovn.com\/wp-content\/uploads\/2026\/04\/1-768x432.jpg 768w, https:\/\/rcprovn.com\/wp-content\/uploads\/2026\/04\/1-1536x864.jpg 1536w, https:\/\/rcprovn.com\/wp-content\/uploads\/2026\/04\/1-600x338.jpg 600w\" sizes=\"(max-width: 2048px) 100vw, 2048px\" \/> <img loading=\"lazy\" class=\"alignnone size-medium wp-image-570\" src=\"https:\/\/rcprovn.com\/wp-content\/uploads\/2026\/04\/2.jpg\" alt=\"\" width=\"2048\" height=\"1152\" srcset=\"https:\/\/rcprovn.com\/wp-content\/uploads\/2026\/04\/2.jpg 2048w, https:\/\/rcprovn.com\/wp-content\/uploads\/2026\/04\/2-768x432.jpg 768w, https:\/\/rcprovn.com\/wp-content\/uploads\/2026\/04\/2-1536x864.jpg 1536w, https:\/\/rcprovn.com\/wp-content\/uploads\/2026\/04\/2-600x338.jpg 600w\" sizes=\"(max-width: 2048px) 100vw, 2048px\" \/> <img loading=\"lazy\" class=\"alignnone size-medium wp-image-571\" src=\"https:\/\/rcprovn.com\/wp-content\/uploads\/2026\/04\/3.jpg\" alt=\"\" width=\"2048\" height=\"1152\" srcset=\"https:\/\/rcprovn.com\/wp-content\/uploads\/2026\/04\/3.jpg 2048w, https:\/\/rcprovn.com\/wp-content\/uploads\/2026\/04\/3-768x432.jpg 768w, https:\/\/rcprovn.com\/wp-content\/uploads\/2026\/04\/3-1536x864.jpg 1536w, https:\/\/rcprovn.com\/wp-content\/uploads\/2026\/04\/3-600x338.jpg 600w\" sizes=\"(max-width: 2048px) 100vw, 2048px\" \/> <img loading=\"lazy\" class=\"alignnone size-medium wp-image-572\" src=\"https:\/\/rcprovn.com\/wp-content\/uploads\/2026\/04\/4.jpg\" alt=\"\" width=\"2048\" height=\"1152\" srcset=\"https:\/\/rcprovn.com\/wp-content\/uploads\/2026\/04\/4.jpg 2048w, https:\/\/rcprovn.com\/wp-content\/uploads\/2026\/04\/4-768x432.jpg 768w, https:\/\/rcprovn.com\/wp-content\/uploads\/2026\/04\/4-1536x864.jpg 1536w, https:\/\/rcprovn.com\/wp-content\/uploads\/2026\/04\/4-600x338.jpg 600w\" sizes=\"(max-width: 2048px) 100vw, 2048px\" \/> <img loading=\"lazy\" class=\"alignnone size-medium wp-image-573\" src=\"https:\/\/rcprovn.com\/wp-content\/uploads\/2026\/04\/5.jpg\" alt=\"\" width=\"2048\" height=\"2048\" srcset=\"https:\/\/rcprovn.com\/wp-content\/uploads\/2026\/04\/5.jpg 2048w, https:\/\/rcprovn.com\/wp-content\/uploads\/2026\/04\/5-768x768.jpg 768w, https:\/\/rcprovn.com\/wp-content\/uploads\/2026\/04\/5-1536x1536.jpg 1536w, https:\/\/rcprovn.com\/wp-content\/uploads\/2026\/04\/5-600x600.jpg 600w, https:\/\/rcprovn.com\/wp-content\/uploads\/2026\/04\/5-100x100.jpg 100w\" sizes=\"(max-width: 2048px) 100vw, 2048px\" \/> <img loading=\"lazy\" class=\"alignnone size-medium wp-image-574\" src=\"https:\/\/rcprovn.com\/wp-content\/uploads\/2026\/04\/6.jpg\" alt=\"\" width=\"819\" height=\"2048\" srcset=\"https:\/\/rcprovn.com\/wp-content\/uploads\/2026\/04\/6.jpg 819w, https:\/\/rcprovn.com\/wp-content\/uploads\/2026\/04\/6-768x1920.jpg 768w, https:\/\/rcprovn.com\/wp-content\/uploads\/2026\/04\/6-614x1536.jpg 614w, https:\/\/rcprovn.com\/wp-content\/uploads\/2026\/04\/6-600x1500.jpg 600w\" sizes=\"(max-width: 819px) 100vw, 819px\" \/><\/strong><\/span><\/h2>\n<hr data-start=\"299\" data-end=\"302\" \/>\n<h2 data-section-id=\"uaa6bi\" data-start=\"304\" data-end=\"321\"><span role=\"text\"><strong data-start=\"307\" data-end=\"321\">Gi\u1edbi thi\u1ec7u<\/strong><\/span><\/h2>\n<p data-start=\"322\" data-end=\"491\">Ch\u00e0o \u0111\u00f3n m\u1eabu tr\u1ef1c th\u0103ng h\u1ea1ng 200 m\u1edbi c\u1ee7a XLPower, \u0111\u01b0\u1ee3c thi\u1ebft k\u1ebf \u0111\u1ec3 mang l\u1ea1i c\u1ea3m gi\u00e1c \u0111i\u1ec1u khi\u1ec3n nh\u01b0 m\u1ed9t chi\u1ebfc heli c\u1ee1 l\u1edbn trong m\u1ed9t th\u00e2n h\u00ecnh nh\u1ecf g\u1ecdn v\u00e0 c\u1ef1c k\u1ef3 hi\u1ec7u qu\u1ea3.<\/p>\n<p data-start=\"493\" data-end=\"639\">K\u1ebf th\u1eeba <strong data-start=\"501\" data-end=\"558\">h\u00ecnh h\u1ecdc rotor 1:1 v\u00e0 h\u1ec7 th\u1ed1ng \u0111i\u1ec1u khi\u1ec3n t\u1eeb d\u00f2ng 700<\/strong>, m\u00e1y mang l\u1ea1i ph\u1ea3n h\u1ed3i m\u01b0\u1ee3t m\u00e0, tuy\u1ebfn t\u00ednh v\u00e0 kh\u1ea3 n\u0103ng ki\u1ec3m so\u00e1t c\u1ef1c k\u1ef3 \u1ed5n \u0111\u1ecbnh.<\/p>\n<p data-start=\"641\" data-end=\"746\">L\u1ea7n \u0111\u1ea7u ti\u00ean trong ph\u00e2n kh\u00fac, h\u1ec7 th\u1ed1ng pin c\u00f3 th\u1ec3 \u0111i\u1ec1u ch\u1ec9nh cho ph\u00e9p khai th\u00e1c hi\u1ec7u n\u0103ng <strong data-start=\"731\" data-end=\"745\">4S th\u1ef1c s\u1ef1<\/strong>.<\/p>\n<p data-start=\"748\" data-end=\"884\">M\u00e1y \u0111\u01b0\u1ee3c <strong data-start=\"757\" data-end=\"786\">c\u0103n ch\u1ec9nh s\u1eb5n t\u1ea1i nh\u00e0 m\u00e1y<\/strong>, t\u00edch h\u1ee3p motor v\u00e0 ESC (<strong data-start=\"811\" data-end=\"836\">Hobbywing Platinum V5<\/strong>) v\u1edbi b\u1ed1 c\u1ee5c \u0111i\u1ec7n t\u1eed g\u1ecdn g\u00e0ng, h\u1ed7 tr\u1ee3 telemetry.<\/p>\n<p data-start=\"886\" data-end=\"992\">H\u1ec7 th\u1ed1ng \u0111u\u00f4i th\u00e1o l\u1eafp nhanh gi\u00fap vi\u1ec7c s\u1eeda ch\u1eefa sau va ch\u1ea1m tr\u1edf n\u00ean nhanh ch\u00f3ng, kh\u00f4ng c\u1ea7n \u0111i d\u00e2y hay h\u00e0n.<\/p>\n<p data-start=\"994\" data-end=\"1063\">\ud83d\udc49 Nh\u1ecf g\u1ecdn \u2013 m\u1ea1nh m\u1ebd \u2013 d\u1ec5 b\u1ea3o tr\u00ec \u2013 bay ch\u00ednh x\u00e1c v\u00e0 c\u1ef1c k\u1ef3 \u201c\u0111\u00e3 tay\u201d.<\/p>\n<hr data-start=\"1065\" data-end=\"1068\" \/>\n<h2 data-section-id=\"183vjg7\" data-start=\"1070\" data-end=\"1094\"><span role=\"text\"><strong data-start=\"1073\" data-end=\"1094\">T\u00ednh n\u0103ng n\u1ed5i b\u1eadt<\/strong><\/span><\/h2>\n<h3 data-section-id=\"1eb3h1v\" data-start=\"1096\" data-end=\"1125\"><span role=\"text\"><strong data-start=\"1100\" data-end=\"1125\">1. H\u00ecnh h\u1ecdc rotor 1:1<\/strong><\/span><\/h3>\n<p data-start=\"1126\" data-end=\"1156\">\u00c1p d\u1ee5ng tr\u1ef1c ti\u1ebfp t\u1eeb d\u00f2ng 700:<\/p>\n<ul data-start=\"1157\" data-end=\"1232\">\n<li data-section-id=\"1lh4o5q\" data-start=\"1157\" data-end=\"1182\">C\u1ea3m gi\u00e1c nh\u01b0 heli l\u1edbn<\/li>\n<li data-section-id=\"1r24jx0\" data-start=\"1183\" data-end=\"1208\">\u0110i\u1ec1u khi\u1ec3n tuy\u1ebfn t\u00ednh<\/li>\n<li data-section-id=\"jtizup\" data-start=\"1209\" data-end=\"1232\">Kh\u1ea3 n\u0103ng 3D m\u1ea1nh m\u1ebd<\/li>\n<\/ul>\n<hr data-start=\"1234\" data-end=\"1237\" \/>\n<h3 data-section-id=\"1o1vrcz\" data-start=\"1239\" data-end=\"1287\"><span role=\"text\"><strong data-start=\"1243\" data-end=\"1287\">2. Hai t\u00f9y ch\u1ecdn gi\u1ea3m ch\u1ea5n (Dual Damping)<\/strong><\/span><\/h3>\n<p data-start=\"1289\" data-end=\"1339\"><strong data-start=\"1289\" data-end=\"1339\">T\u00f9y ch\u1ecdn 1 \u2013 Cao su c\u00f4n m\u1edbi (Tapered dampers):<\/strong><\/p>\n<ul data-start=\"1340\" data-end=\"1418\">\n<li data-section-id=\"1v4r472\" data-start=\"1340\" data-end=\"1358\">\u0110\u1ed9 c\u1ee9ng t\u1ed1i \u0111a<\/li>\n<li data-section-id=\"1spd1j8\" data-start=\"1359\" data-end=\"1392\">C\u1ea3m gi\u00e1c \u0111i\u1ec1u khi\u1ec3n tr\u1ef1c ti\u1ebfp<\/li>\n<li data-section-id=\"197tc9y\" data-start=\"1393\" data-end=\"1418\">Ph\u00f9 h\u1ee3p 3D t\u1ed1c \u0111\u1ed9 cao<\/li>\n<\/ul>\n<p data-start=\"1420\" data-end=\"1461\"><strong data-start=\"1420\" data-end=\"1461\">T\u00f9y ch\u1ecdn 2 \u2013 O-ring 90 \u0111\u1ed9 ti\u00eau chu\u1ea9n:<\/strong><\/p>\n<ul data-start=\"1462\" data-end=\"1549\">\n<li data-section-id=\"16btep\" data-start=\"1462\" data-end=\"1503\">\u1ed4n \u0111\u1ecbnh \u1edf t\u1ed1c \u0111\u1ed9 \u0111\u1ea7u th\u1ea5p (~3700 RPM)<\/li>\n<li data-section-id=\"ovunlu\" data-start=\"1504\" data-end=\"1522\">Bay 3D m\u01b0\u1ee3t m\u00e0<\/li>\n<li data-section-id=\"9ec0x9\" data-start=\"1523\" data-end=\"1549\">\u00cam h\u01a1n v\u00e0 hi\u1ec7u qu\u1ea3 h\u01a1n<\/li>\n<\/ul>\n<hr data-start=\"1551\" data-end=\"1554\" \/>\n<h3 data-section-id=\"kyvbfm\" data-start=\"1556\" data-end=\"1610\"><span role=\"text\"><strong data-start=\"1560\" data-end=\"1610\">3. B\u1ed9 c\u00e1nh Azure Power hi\u1ec7u n\u0103ng cao (l\u1eafp s\u1eb5n)<\/strong><\/span><\/h3>\n<ul data-start=\"1611\" data-end=\"1703\">\n<li data-section-id=\"tkpc8n\" data-start=\"1611\" data-end=\"1651\">C\u00e1nh ch\u00ednh 195mm + c\u00e1nh \u0111u\u00f4i \u0111\u1ed3ng b\u1ed9<\/li>\n<li data-section-id=\"nr0eue\" data-start=\"1652\" data-end=\"1685\">Ki\u1ec3m so\u00e1t m\u01b0\u1ee3t, l\u1ef1c \u0111u\u00f4i m\u1ea1nh<\/li>\n<li data-section-id=\"1klen0y\" data-start=\"1686\" data-end=\"1703\">T\u1ed1i \u01b0u cho 3D<\/li>\n<\/ul>\n<hr data-start=\"1705\" data-end=\"1708\" \/>\n<h3 data-section-id=\"lrf4da\" data-start=\"1710\" data-end=\"1774\"><span role=\"text\"><strong data-start=\"1714\" data-end=\"1774\">4. Tay c\u00e0ng c\u00e1nh \u201chy sinh\u201d (Sacrificial blade grip arms)<\/strong><\/span><\/h3>\n<ul data-start=\"1775\" data-end=\"1877\">\n<li data-section-id=\"kdfn2h\" data-start=\"1775\" data-end=\"1817\">Thi\u1ebft k\u1ebf \u0111\u1ec3 g\u00e3y tr\u01b0\u1edbc khi va ch\u1ea1m n\u1eb7ng<\/li>\n<li data-section-id=\"187rdr3\" data-start=\"1818\" data-end=\"1851\">B\u1ea3o v\u1ec7 c\u00e1c b\u1ed9 ph\u1eadn quan tr\u1ecdng<\/li>\n<li data-section-id=\"1mwwjut\" data-start=\"1852\" data-end=\"1877\">Gi\u1ea3m chi ph\u00ed s\u1eeda ch\u1eefa<\/li>\n<\/ul>\n<hr data-start=\"1879\" data-end=\"1882\" \/>\n<h3 data-section-id=\"1p1qfnz\" data-start=\"1884\" data-end=\"1932\"><span role=\"text\"><strong data-start=\"1888\" data-end=\"1932\">5. H\u1ec7 th\u1ed1ng \u0111i\u1ec1u khi\u1ec3n rotor \u0111\u1ed9 c\u1ee9ng cao<\/strong><\/span><\/h3>\n<ul data-start=\"1933\" data-end=\"2122\">\n<li data-section-id=\"v8869g\" data-start=\"1933\" data-end=\"1963\">Lo\u1ea1i b\u1ecf ph\u1ee9c t\u1ea1p khi setup<\/li>\n<li data-section-id=\"kqeccj\" data-start=\"1964\" data-end=\"2017\">5 thanh li\u00ean k\u1ebft b\u1eb1ng nhau \u0111\u1ea3m b\u1ea3o h\u00ecnh h\u1ecdc chu\u1ea9n<\/li>\n<li data-section-id=\"885jwt\" data-start=\"2018\" data-end=\"2075\">Phase arm \u0111\u1ea3o ng\u01b0\u1ee3c (l\u1ea5y t\u1eeb Stratos 700) t\u0103ng \u0111\u1ed9 c\u1ee9ng<\/li>\n<li data-section-id=\"b416m3\" data-start=\"2076\" data-end=\"2122\">B\u1ed1 tr\u00ed servo 120\u00b0 cho \u0111i\u1ec1u khi\u1ec3n ch\u00ednh x\u00e1c<\/li>\n<\/ul>\n<hr data-start=\"2124\" data-end=\"2127\" \/>\n<h3 data-section-id=\"xedab4\" data-start=\"2129\" data-end=\"2164\"><span role=\"text\"><strong data-start=\"2133\" data-end=\"2164\">6. C\u0103n ch\u1ec9nh s\u1eb5n t\u1eeb nh\u00e0 m\u00e1y<\/strong><\/span><\/h3>\n<ul data-start=\"2165\" data-end=\"2274\">\n<li data-section-id=\"860fih\" data-start=\"2165\" data-end=\"2186\">Servo \u0111\u00e3 c\u0103n gi\u1eefa<\/li>\n<li data-section-id=\"10jgq8c\" data-start=\"2187\" data-end=\"2274\">Swashplate c\u00e2n b\u1eb1ng ho\u00e0n h\u1ea3o<br data-start=\"2217\" data-end=\"2220\" \/>\ud83d\udc49 Gi\u1ea3m th\u1eddi gian l\u1eafp r\u00e1p, d\u1ec5 ti\u1ebfp c\u1eadn cho ng\u01b0\u1eddi m\u1edbi<\/li>\n<\/ul>\n<hr data-start=\"2276\" data-end=\"2279\" \/>\n<h3 data-section-id=\"xufuqy\" data-start=\"2281\" data-end=\"2329\"><span role=\"text\"><strong data-start=\"2285\" data-end=\"2329\">7. C\u1ea5u tr\u00fac khung + truy\u1ec1n \u0111\u1ed9ng t\u00edch h\u1ee3p<\/strong><\/span><\/h3>\n<ul data-start=\"2330\" data-end=\"2493\">\n<li data-section-id=\"1qjwj1l\" data-start=\"2330\" data-end=\"2379\">Kh\u1ed1i tr\u1ee5c ch\u00ednh, khung v\u00e0 motor g\u1ed9p th\u00e0nh m\u1ed9t<\/li>\n<li data-section-id=\"wxsbq3\" data-start=\"2380\" data-end=\"2449\"><strong data-start=\"2382\" data-end=\"2424\">Truy\u1ec1n \u0111\u1ed9ng kh\u00f4ng b\u00e1nh r\u0103ng (gearless)<\/strong> \u2192 \u00eam h\u01a1n, hi\u1ec7u qu\u1ea3 h\u01a1n<\/li>\n<li data-section-id=\"1d7p6u9\" data-start=\"2450\" data-end=\"2493\">Tr\u1ee5c ch\u00ednh th\u00e1o nhanh \u2192 b\u1ea3o tr\u00ec d\u1ec5 d\u00e0ng<\/li>\n<\/ul>\n<hr data-start=\"2495\" data-end=\"2498\" \/>\n<h3 data-section-id=\"vssnev\" data-start=\"2500\" data-end=\"2534\"><span role=\"text\"><strong data-start=\"2504\" data-end=\"2534\">8. B\u1ed1 c\u1ee5c \u0111i\u1ec7n t\u1eed t\u00edch h\u1ee3p<\/strong><\/span><\/h3>\n<ul data-start=\"2535\" data-end=\"2707\">\n<li data-section-id=\"1nml6j0\" data-start=\"2535\" data-end=\"2566\">ESC Hobbywing V5 ti\u00eau chu\u1ea9n<\/li>\n<li data-section-id=\"xfhs6m\" data-start=\"2567\" data-end=\"2628\">H\u1ed7 tr\u1ee3 telemetry:\n<ul data-start=\"2589\" data-end=\"2628\">\n<li data-section-id=\"o5tkhw\" data-start=\"2589\" data-end=\"2604\">Rotorflight<\/li>\n<li data-section-id=\"a2p3yn\" data-start=\"2607\" data-end=\"2615\">VBar<\/li>\n<li data-section-id=\"198t1n1\" data-start=\"2618\" data-end=\"2628\">Futaba<\/li>\n<\/ul>\n<\/li>\n<li data-section-id=\"lme535\" data-start=\"2629\" data-end=\"2682\">Plate gyro t\u00edch h\u1ee3p PCB \u2192 kh\u00f4ng c\u1ea7n d\u00e2y ngu\u1ed3n r\u1eddi<\/li>\n<li data-section-id=\"6mumf7\" data-start=\"2683\" data-end=\"2707\">D\u00e2y g\u1ecdn g\u00e0ng, d\u1ec5 l\u1eafp<\/li>\n<\/ul>\n<hr data-start=\"2709\" data-end=\"2712\" \/>\n<h3 data-section-id=\"napbjw\" data-start=\"2714\" data-end=\"2747\"><span role=\"text\"><strong data-start=\"2718\" data-end=\"2747\">9. H\u1ec7 th\u1ed1ng pin linh ho\u1ea1t<\/strong><\/span><\/h3>\n<ul data-start=\"2748\" data-end=\"2888\">\n<li data-section-id=\"1uqefxi\" data-start=\"2748\" data-end=\"2786\">Kh\u00f4ng d\u00f9ng khay pin \u2192 \u0111\u01a1n gi\u1ea3n h\u01a1n<\/li>\n<li data-section-id=\"11fv5cx\" data-start=\"2787\" data-end=\"2817\">\u0110i\u1ec1u ch\u1ec9nh \u0111\u01b0\u1ee3c v\u1ecb tr\u00ed pin<\/li>\n<li data-section-id=\"meoyzf\" data-start=\"2818\" data-end=\"2841\">H\u1ed7 tr\u1ee3:\n<ul data-start=\"2830\" data-end=\"2841\">\n<li data-section-id=\"1dpoy4c\" data-start=\"2830\" data-end=\"2841\">3S \u2013 4S<\/li>\n<\/ul>\n<\/li>\n<li data-section-id=\"1ftjfvr\" data-start=\"2842\" data-end=\"2888\">K\u00edch th\u01b0\u1edbc pin t\u1ed1i \u0111a:\n<ul data-start=\"2869\" data-end=\"2888\">\n<li data-section-id=\"155siqw\" data-start=\"2869\" data-end=\"2888\">24 \u00d7 32 \u00d7 70 mm<\/li>\n<\/ul>\n<\/li>\n<\/ul>\n<hr data-start=\"2890\" data-end=\"2893\" \/>\n<h3 data-section-id=\"j4dny9\" data-start=\"2895\" data-end=\"2928\"><span role=\"text\"><strong data-start=\"2899\" data-end=\"2928\">10. C\u00e0ng \u0111\u00e1p si\u00eau \u1ed5n \u0111\u1ecbnh<\/strong><\/span><\/h3>\n<ul data-start=\"2929\" data-end=\"3002\">\n<li data-section-id=\"1sxwcph\" data-start=\"2929\" data-end=\"2945\">R\u1ed9ng v\u00e0 th\u1ea5p<\/li>\n<li data-section-id=\"rjolng\" data-start=\"2946\" data-end=\"2977\">Ch\u1ed1ng ch\u00fai \u0111\u1ea7u khi c\u1ea5t c\u00e1nh<\/li>\n<li data-section-id=\"kf0xwr\" data-start=\"2978\" data-end=\"3002\">T\u01b0 th\u1ebf \u0111\u1eadu ch\u1eafc ch\u1eafn<\/li>\n<\/ul>\n<hr data-start=\"3004\" data-end=\"3007\" \/>\n<h3 data-section-id=\"xidhol\" data-start=\"3009\" data-end=\"3055\"><span role=\"text\"><strong data-start=\"3013\" data-end=\"3055\">11. Thi\u1ebft k\u1ebf \u0111u\u00f4i th\u00e2n thi\u1ec7n ng\u01b0\u1eddi m\u1edbi<\/strong><\/span><\/h3>\n<ul data-start=\"3056\" data-end=\"3142\">\n<li data-section-id=\"3zb3a6\" data-start=\"3056\" data-end=\"3084\">Motor \u0111u\u00f4i \u0111\u1eb7t ph\u00eda tr\u00ean<\/li>\n<li data-section-id=\"u28p0z\" data-start=\"3085\" data-end=\"3114\">Tr\u00e1nh va ch\u1ea1m v\u1edbi m\u1eb7t \u0111\u1ea5t<\/li>\n<li data-section-id=\"bzgpxh\" data-start=\"3115\" data-end=\"3142\">C\u1ea5t\/h\u1ea1 c\u00e1nh an to\u00e0n h\u01a1n<\/li>\n<\/ul>\n<hr data-start=\"3144\" data-end=\"3147\" \/>\n<h3 data-section-id=\"1n4mt89\" data-start=\"3149\" data-end=\"3189\"><span role=\"text\"><strong data-start=\"3153\" data-end=\"3189\">12. H\u1ec7 th\u1ed1ng \u0111u\u00f4i th\u00e1o l\u1eafp nhanh<\/strong><\/span><\/h3>\n<ul data-start=\"3190\" data-end=\"3342\">\n<li data-section-id=\"186aoe0\" data-start=\"3190\" data-end=\"3239\">Boom \u0111u\u00f4i d\u1ea1ng c\u1eafm (plug-in) v\u1edbi \u0111\u1ea7u n\u1ed1i v\u00e0ng<\/li>\n<li data-section-id=\"io7mjh\" data-start=\"3240\" data-end=\"3267\">PCB t\u00edch h\u1ee3p \u2192 gi\u1ea3m d\u00e2y<\/li>\n<li data-section-id=\"1qpzmnu\" data-start=\"3268\" data-end=\"3301\">ESC \u0111u\u00f4i d\u00f9ng jack ki\u1ec3u servo<\/li>\n<li data-section-id=\"1dnyvku\" data-start=\"3302\" data-end=\"3342\">Motor \u0111u\u00f4i ti\u1ebfp \u0111i\u1ec3m \u2192 kh\u00f4ng c\u1ea7n h\u00e0n<\/li>\n<\/ul>\n<p data-start=\"3344\" data-end=\"3409\">\ud83d\udc49 <strong data-start=\"3347\" data-end=\"3409\">S\u1eeda nhanh \u2013 kh\u00f4ng d\u00e2y r\u01b0\u1eddm r\u00e0 \u2013 bay l\u1ea1i ch\u1ec9 trong v\u00e0i ph\u00fat<\/strong><\/p>\n","protected":false},"excerpt":{"rendered":"<p>XLPower Stratos 200 \u2013 Nh\u1ecf g\u1ecdn \u00b7 C\u1ea3m gi\u00e1c tr\u1ef1c th\u0103ng l\u1edbn \u00b7 Thi\u1ebft k\u1ebf t\u1ed1i \u01b0u hi\u1ec7u n\u0103ng Gi\u1edbi thi\u1ec7u Ch\u00e0o \u0111\u00f3n m\u1eabu tr\u1ef1c th\u0103ng h\u1ea1ng 200 m\u1edbi c\u1ee7a XLPower, \u0111\u01b0\u1ee3c thi\u1ebft k\u1ebf \u0111\u1ec3 mang l\u1ea1i c\u1ea3m gi\u00e1c \u0111i\u1ec1u khi\u1ec3n nh\u01b0 m\u1ed9t chi\u1ebfc heli c\u1ee1 l\u1edbn trong m\u1ed9t th\u00e2n h\u00ecnh nh\u1ecf g\u1ecdn v\u00e0 c\u1ef1c [&hellip;]<\/p>\n","protected":false},"featured_media":570,"comment_status":"open","ping_status":"closed","template":"","meta":[],"_links":{"self":[{"href":"https:\/\/rcprovn.com\/index.php?rest_route=\/wp\/v2\/product\/568"}],"collection":[{"href":"https:\/\/rcprovn.com\/index.php?rest_route=\/wp\/v2\/product"}],"about":[{"href":"https:\/\/rcprovn.com\/index.php?rest_route=\/wp\/v2\/types\/product"}],"replies":[{"embeddable":true,"href":"https:\/\/rcprovn.com\/index.php?rest_route=%2Fwp%2Fv2%2Fcomments&post=568"}],"wp:featuredmedia":[{"embeddable":true,"href":"https:\/\/rcprovn.com\/index.php?rest_route=\/wp\/v2\/media\/570"}],"wp:attachment":[{"href":"https:\/\/rcprovn.com\/index.php?rest_route=%2Fwp%2Fv2%2Fmedia&parent=568"}],"curies":[{"name":"wp","href":"https:\/\/api.w.org\/{rel}","templated":true}]}}